{"id":12,"date":"2022-02-10T15:28:56","date_gmt":"2022-02-10T14:28:56","guid":{"rendered":"https:\/\/forum.ov-g53.de\/?page_id=12"},"modified":"2022-02-11T13:51:47","modified_gmt":"2022-02-11T12:51:47","slug":"was-ist-amateurfunk","status":"publish","type":"page","link":"https:\/\/forum.ov-g53.de\/?page_id=12","title":{"rendered":"Was ist Amateurfunk"},"content":{"rendered":"\n<p>Der <strong>Amateurfunkdienst<\/strong> (kurz <em>Amateurfunk<\/em>; englisch <em>amateur radio service<\/em> oder umgangssprachlich <em><a href=\"https:\/\/de.wikipedia.org\/wiki\/Funkamateur#Ham\">ham<\/a> radio<\/em>) ist im Sinne der <a href=\"https:\/\/de.wikipedia.org\/wiki\/Internationale_Fernmeldeunion\">Internationalen Fernmeldeunion<\/a> (ITU) ein <a href=\"https:\/\/de.wikipedia.org\/wiki\/Funkdienst\">Funkdienst<\/a>, der von <a href=\"https:\/\/de.wikipedia.org\/wiki\/Funkamateur\">Funkamateuren<\/a> (ordnungsgem\u00e4\u00df befugten, an der Funktechnik interessierten Personen) ohne finanzielle Interessen zu Zwecken<\/p>\n\n\n\n<ul class=\"wp-block-list\"><li>der <a href=\"https:\/\/de.wikipedia.org\/wiki\/Selbststudium\">Selbstausbildung<\/a>,<\/li><li>der gegenseitigen Verst\u00e4ndigung und<\/li><li>technischer Untersuchungen<\/li><\/ul>\n\n\n\n<p>betrieben wird. Daneben gibt es den <a href=\"https:\/\/de.wikipedia.org\/wiki\/Amateurfunkdienst_%C3%BCber_Satelliten\">Amateurfunkdienst \u00fcber Satelliten<\/a>, der Weltraumfunkstellen an Bord von Erdsatelliten (<a href=\"https:\/\/de.wikipedia.org\/wiki\/Amateurfunksatellit\">Amateurfunksatelliten<\/a> oder <a href=\"https:\/\/de.wikipedia.org\/wiki\/Raumstation\">Raumstationen<\/a>) zu denselben Zwecken nutzt.<\/p>\n\n\n\n<p>In <a href=\"https:\/\/de.wikipedia.org\/wiki\/Deutschland\">Deutschland<\/a> wird der Amateurfunkdienst laut seiner Definition zus\u00e4tzlich zu Zwecken der <a href=\"https:\/\/de.wikipedia.org\/wiki\/V%C3%B6lkerverst%C3%A4ndigung\">V\u00f6lkerverst\u00e4ndigung<\/a> und zur <a href=\"https:\/\/de.wikipedia.org\/wiki\/Amateurfunkdienst#Amateurfunk_im_Not-_und_Katastrophenfall\">Unterst\u00fctzung von Hilfsaktionen in Not- und Katastrophenf\u00e4llen<\/a> wahrgenommen (<a href=\"https:\/\/www.buzer.de\/s1.htm?g=FreqV&amp;a=4\">\u00a7&nbsp;4<\/a> Nr. 1 der Frequenzverordnung).<\/p>\n\n\n\n<h2 class=\"wp-block-heading\" id=\"grundlegendes\">Grundlegendes<\/h2>\n\n\n\n<p>Funkamateure werden nach einer <a href=\"https:\/\/de.wikipedia.org\/wiki\/Amateurfunkzeugnis#Pr\u00fcfung\">Pr\u00fcfung<\/a> zum Amateurfunkdienst zugelassen und betreiben das Funken als <a href=\"https:\/\/de.wikipedia.org\/wiki\/Hobby\">Hobby<\/a>. Gewerbliche und wirtschaftliche Interessen werden ausdr\u00fccklich ausgeschlossen.<sup><a href=\"https:\/\/de.wikipedia.org\/wiki\/Amateurfunkdienst#cite_note-:0-1\"> <\/a><\/sup>Der Funkverkehr erfolgt ausschlie\u00dflich zwischen Inhabern einer <a href=\"https:\/\/de.wikipedia.org\/wiki\/Amateurfunkzeugnis\">Amateurfunkgenehmigung<\/a>. Nur in seltenen Ausnahmef\u00e4llen wie bei Notf\u00e4llen und Katastrophen d\u00fcrfen Nachrichten von und f\u00fcr unbeteiligte Dritte \u00fcbermittelt werden. Die Regelungen der ITU verweisen ausdr\u00fccklich darauf, dass der Amateurfunkverkehr keine politischen Aspekte beinhalten soll. <a href=\"https:\/\/de.wikipedia.org\/wiki\/Meinungsfreiheit\">Meinungsfreiheit<\/a> in oder die <a href=\"https:\/\/de.wikipedia.org\/wiki\/Souver%C3%A4nit%C3%A4t\">Souver\u00e4nit\u00e4t<\/a> von Mitgliedsstaaten der ITU sollen durch den Amateurfunkbetrieb nicht ber\u00fchrt werden. In totalit\u00e4ren Regimen kam es historisch und kommt es in der Gegenwart immer wieder zu Einschr\u00e4nkungen des Amateurfunkbetriebs, da bef\u00fcrchtet wird, dass oppositionelle Meinungen verbreitet werden k\u00f6nnten. Dagegen soll der Amateurfunk nach dem Verst\u00e4ndnis vieler Teilnehmer der <a href=\"https:\/\/de.wikipedia.org\/wiki\/V%C3%B6lkerverst%C3%A4ndigung\">V\u00f6lkerverst\u00e4ndigung<\/a> dienen. \u00dcber nationalstaatliche, ethische, Sprach- und Religions-Grenzen hinweg kann der Amateurfunk zur Pflege von Freundschaften, der technischen Weiterbildung und der angewandten Forschung dienen. Bei einigen Funkamateuren befriedigt er auch die Sammelleidenschaft und hat sportliche Aspekte.<\/p>\n\n\n\n<p>Das personalisierte <a href=\"https:\/\/de.wikipedia.org\/wiki\/Amateurfunkrufzeichen\">Amateurfunkrufzeichen<\/a> dient der eindeutigen Identifikation einer Sendefunkstelle und besteht aus einer <a href=\"https:\/\/de.wikipedia.org\/wiki\/Alphanumerische_Zeichen\">alphanumerischen<\/a> Kombination. Die <a href=\"https:\/\/de.wikipedia.org\/wiki\/ITU-Pr%C3%A4fix\">ITU-Pr\u00e4fixe<\/a> der Rufzeichen sind einzelnen Staaten, davon abh\u00e4ngigen oder unabh\u00e4ngigen Gebieten und internationalen Organisationen zugeordnet. Einige L\u00e4nder haben mehrere Pr\u00e4fixe.<\/p>\n\n\n\n<p>Dem Pr\u00e4fix folgende Zeichen werden <em><a href=\"https:\/\/de.wikipedia.org\/wiki\/Suffix\">Suffix<\/a><\/em> genannt. Auch sie k\u00f6nnen eine regionale Bedeutung haben. In Deutschland ist das nicht der Fall. In \u00d6sterreich entspricht die dem Landespr\u00e4fix OE folgende einstellige Zahl 1 bis 9 einem Bundesland (siehe auch <a href=\"https:\/\/de.wikipedia.org\/wiki\/Amateurfunkrufzeichen#\u00d6sterreich\">Amateurfunkrufzeichen in \u00d6sterreich<\/a>), w\u00e4hrend die <a href=\"https:\/\/de.wikipedia.org\/wiki\/Null\">Ziffer Null<\/a> (meist geschrieben \u00d8, um Verwechslungen mit dem Buchstaben O vorzubeugen) an dieser Stelle von \u00f6sterreichischen Amateurfunkstationen in internationalen Gew\u00e4ssern, an Bord von Luftfahrzeugen und f\u00fcr <a href=\"https:\/\/de.wikipedia.org\/wiki\/Klubstation\">Clubstationen<\/a> verwendet wird. Steht unmittelbar nach der Zahl (1 bis&nbsp;9) der Buchstabe X, handelt es sich in \u00d6sterreich um eine Club- oder <a href=\"https:\/\/de.wikipedia.org\/wiki\/Funkrelaisstation\">Relaisfunkstelle<\/a>.<\/p>\n\n\n\n<h2 class=\"wp-block-heading\" id=\"praxis\">Praxis<\/h2>\n\n\n\n<p>Amateurfunk ist ein vielf\u00e4ltiges Hobby, da es Kenntnisse in Wissenschaft und Technik, Freude an Kommunikation, handwerkliches Geschick und Kreativit\u00e4t erfordert:<\/p>\n\n\n\n<ul class=\"wp-block-list\"><li>Die eigentliche Funkverbindung ist das Gespr\u00e4ch mit anderen Funkamateuren auf der ganzen Welt<\/li><li>Selbstbau von Komponenten und der Antenne der Funkanlage selbst<\/li><li>Sportliche Wettbewerbe, etwa <a href=\"https:\/\/de.wikipedia.org\/wiki\/Amateurfunkwettbewerb\">Conteste<\/a> oder <a href=\"https:\/\/de.wikipedia.org\/wiki\/Amateurfunkpeilen\">Amateurfunkpeilen<\/a><\/li><\/ul>\n\n\n\n<p>\u00dcber spezialisierte H\u00e4ndler ist eine Vielzahl an kommerziell hergestellten Amateurfunkger\u00e4ten verf\u00fcgbar. Die dort verwendete Technik ist h\u00e4ufig sehr kompliziert. Das Modifizieren dieser Ger\u00e4te ist technisch zunehmend schwierig und mit mancher der l\u00e4nderspezifischen Amateurfunklizenzen auch nicht erlaubt.<\/p>\n\n\n\n<p>Damit sich Funkamateure leichter mit der Technik auseinandersetzen k\u00f6nnen, bieten verschiedene Firmen und Funkamateure Baus\u00e4tze an. Dieser Weg erspart die teilweise schwierige Bauteilbeschaffung und erleichtert mit den zugeh\u00f6rigen Unterlagen Aufbau, Erweiterung und Modifikation. Selbstbauger\u00e4te besitzen h\u00e4ufig nur eine geringe Sendeleistung.<\/p>\n\n\n\n<p>Das Funken mit geringer Leistung (bis 5&nbsp;Watt Sendeausgangsleistung) nennt man <a href=\"https:\/\/de.wikipedia.org\/wiki\/QRP\">QRP<\/a>-Betrieb. (\u201eQRP\u201c ist ein <a href=\"https:\/\/de.wikipedia.org\/wiki\/Q-Schl%C3%BCssel\">Betriebszeichen<\/a> aus der Telegrafie und bedeutet im eigentlichen Sinne: \u201eReduzieren Sie Ihre Sendeleistung\u201c.)<\/p>\n\n\n\n<p>Die funktionst\u00fcchtige Zusammenstellung von Funkger\u00e4t, Antenne und messtechnischem Zubeh\u00f6r nennt man <a href=\"https:\/\/de.wikipedia.org\/wiki\/Amateurfunkstelle\">Amateurfunkstelle<\/a> oder in der Amateurfunkwelt auch <em>Rig<\/em> (engl. Anlage). Die R\u00e4umlichkeit, in der diese Ger\u00e4te aufgestellt bzw. betrieben werden, wird als <em>Shack<\/em> bezeichnet (engl. Bude, H\u00fctte).<\/p>\n\n\n\n<p>Den Funkamateuren stehen verschiedene <a href=\"https:\/\/de.wikipedia.org\/wiki\/Elektromagnetisches_Spektrum\">Frequenzbereiche<\/a> zur Verf\u00fcgung, die sogenannten <a href=\"https:\/\/de.wikipedia.org\/wiki\/Amateurfunkband\">Amateurfunkb\u00e4nder<\/a>, zwischen 135&nbsp;kHz und 250&nbsp;GHz im <a href=\"https:\/\/de.wikipedia.org\/wiki\/Langwelle\">Langwellen<\/a>-, <a href=\"https:\/\/de.wikipedia.org\/wiki\/Mittelwelle\">Mittelwellen<\/a>-, <a href=\"https:\/\/de.wikipedia.org\/wiki\/Kurzwelle\">Kurzwellen<\/a>&#8211; und <a href=\"https:\/\/de.wikipedia.org\/wiki\/Ultrakurzwelle\">Ultrakurzwellen<\/a>-Bereich. Auch im Gigahertz-Bereich, im optischen Bereich und im Bereich der <a href=\"https:\/\/de.wikipedia.org\/wiki\/Terahertzstrahlung\">Terahertzstrahlung<\/a> sind Funkamateure aktiv und insbesondere im Letzteren auch aktiv an der Forschung beteiligt.<\/p>\n\n\n\n<p>Alle Funkamateure haben einen gemeinsamen <a href=\"https:\/\/de.wikipedia.org\/wiki\/Verhaltenskodex\">Verhaltenskodex<\/a>, den so genannten <em><a href=\"https:\/\/de.wikipedia.org\/wiki\/Ham_Spirit\">Ham Spirit<\/a><\/em>; exemplarisch ist der vom US-amerikanischen Verband <a href=\"https:\/\/de.wikipedia.org\/wiki\/ARRL\">ARRL<\/a> zu Beginn des 20.&nbsp;Jahrhunderts publizierte Text.<\/p>\n\n\n\n<p>Wegen der besonders zu Morse-Zeiten eher langsamen \u00dcbertragung hat sich eine ausgepr\u00e4gte Kultur der <a href=\"https:\/\/de.wikipedia.org\/wiki\/Abk%C3%BCrzung\">Abk\u00fcrzungen<\/a> entwickelt. Die <a href=\"https:\/\/de.wikipedia.org\/wiki\/Liste_von_Abk%C3%BCrzungen_im_Amateurfunk\">Amateurfunkabk\u00fcrzungen<\/a> stammen gr\u00f6\u00dftenteils aus der <a href=\"https:\/\/de.wikipedia.org\/wiki\/Englische_Sprache\">englischen Sprache<\/a>. Sie werden weltweit verwendet. Beispielsweise stehen die beiden Buchstaben <em>OM<\/em> (\u201eOld Man\u201c) f\u00fcr einen m\u00e4nnlichen Funkamateur, hingegen <em>YL<\/em> (\u201eYoung Lady\u201c) f\u00fcr eine Funkamateurin (in beiden F\u00e4llen jeglichen Alters).<\/p>\n\n\n\n<p>Quelle: <a href=\"https:\/\/de.wikipedia.org\/wiki\/Amateurfunkdienst\">Wikipedia.org<\/a> \/ Text bearbeitet unter R\u00fccksichtnahme der <a href=\"https:\/\/creativecommons.org\/licenses\/by-sa\/3.0\/legalcode.\">Lizenzbedingungen<\/a><\/p>\n\n\n\n<p>Schaue dir zu diesem Thema auch das folgende Video an:<\/p>\n\n\n\n<figure class=\"wp-block-embed is-type-video is-provider-youtube wp-block-embed-youtube wp-embed-aspect-16-9 wp-has-aspect-ratio\"><div class=\"wp-block-embed__wrapper\">\n<iframe loading=\"lazy\" title=\"Amateurfunk - Das Hobby\" width=\"640\" height=\"360\" src=\"https:\/\/www.youtube.com\/embed\/O5eAPj9x23g?feature=oembed\" frameborder=\"0\" allow=\"accelerometer; autoplay; clipboard-write; encrypted-media; gyroscope; picture-in-picture; web-share\" referrerpolicy=\"strict-origin-when-cross-origin\" allowfullscreen><\/iframe>\n<\/div><\/figure>\n","protected":false},"excerpt":{"rendered":"<p>Der Amateurfunkdienst (kurz Amateurfunk; englisch amateur radio service oder umgangssprachlich ham radio) ist im Sinne der Internationalen Fernmeldeunion (ITU) ein Funkdienst, der von Funkamateuren (ordnungsgem\u00e4\u00df befugten, an der Funktechnik interessierten Personen) ohne finanzielle Interessen zu Zwecken der Selbstausbildung, der gegenseitigen Verst\u00e4ndigung und technischer Untersuchungen betrieben wird. Daneben gibt es den Amateurfunkdienst \u00fcber Satelliten, der Weltraumfunkstellen [&hellip;]<\/p>\n","protected":false},"author":2,"featured_media":0,"parent":0,"menu_order":0,"comment_status":"closed","ping_status":"closed","template":"","meta":{"footnotes":""},"class_list":["post-12","page","type-page","status-publish","hentry"],"_links":{"self":[{"href":"https:\/\/forum.ov-g53.de\/index.php?rest_route=\/wp\/v2\/pages\/12","targetHints":{"allow":["GET"]}}],"collection":[{"href":"https:\/\/forum.ov-g53.de\/index.php?rest_route=\/wp\/v2\/pages"}],"about":[{"href":"https:\/\/forum.ov-g53.de\/index.php?rest_route=\/wp\/v2\/types\/page"}],"author":[{"embeddable":true,"href":"https:\/\/forum.ov-g53.de\/index.php?rest_route=\/wp\/v2\/users\/2"}],"replies":[{"embeddable":true,"href":"https:\/\/forum.ov-g53.de\/index.php?rest_route=%2Fwp%2Fv2%2Fcomments&post=12"}],"version-history":[{"count":2,"href":"https:\/\/forum.ov-g53.de\/index.php?rest_route=\/wp\/v2\/pages\/12\/revisions"}],"predecessor-version":[{"id":60,"href":"https:\/\/forum.ov-g53.de\/index.php?rest_route=\/wp\/v2\/pages\/12\/revisions\/60"}],"wp:attachment":[{"href":"https:\/\/forum.ov-g53.de\/index.php?rest_route=%2Fwp%2Fv2%2Fmedia&parent=12"}],"curies":[{"name":"wp","href":"https:\/\/api.w.org\/{rel}","templated":true}]}}