{"id":128,"date":"2022-02-11T19:49:17","date_gmt":"2022-02-11T18:49:17","guid":{"rendered":"https:\/\/forum.ov-g53.de\/?page_id=128"},"modified":"2023-01-08T11:53:29","modified_gmt":"2023-01-08T10:53:29","slug":"dl1kgt","status":"publish","type":"page","link":"https:\/\/forum.ov-g53.de\/?page_id=128","title":{"rendered":"DL1KGT"},"content":{"rendered":"<p><span style=\"font-size: 14pt;\">Hallo lb Funkfreunde,<\/span><\/p>\r\n<p><span style=\"font-size: 14pt;\">ich bin seit 1991 Funkamateur und seit dem auch im Ortsverband G &#8211; 53.<\/span><\/p>\r\n<p><span style=\"font-size: 14pt;\">Ich bin mit der Klasse C (DG1KGT) angefangen und habe 1992\u00a0 mit DH1KGT und schlie\u00dflich mit DL1KGT weitergemacht.<\/span><\/p>\r\n<p><span style=\"font-size: 14pt;\">In der Hauptsache bin ich auf den B\u00e4ndern in CW zu h\u00f6ren, daneben noch in den digitalen Betriebsarten, FM\u00a0 und SSB unterwegs.<\/span><\/p>\r\n\r\n<p><iframe loading=\"lazy\" src=\"https:\/\/logbook.qrz.com\/lbstat\/DL1KGT\/\" width=\"1200\" height=\"600\" frameborder=\"0\" scrolling=\"yes\" align=\"top\"><\/iframe><\/p>\r\n<p><img loading=\"lazy\" decoding=\"async\" class=\"alignnone size-large wp-image-150\" src=\"https:\/\/forum.ov-g53.de\/wp-content\/uploads\/2022\/02\/DL1KGT_eQSL_2020-1024x661.jpg\" alt=\"\" width=\"640\" height=\"413\" srcset=\"https:\/\/forum.ov-g53.de\/wp-content\/uploads\/2022\/02\/DL1KGT_eQSL_2020-1024x661.jpg 1024w, https:\/\/forum.ov-g53.de\/wp-content\/uploads\/2022\/02\/DL1KGT_eQSL_2020-300x194.jpg 300w, https:\/\/forum.ov-g53.de\/wp-content\/uploads\/2022\/02\/DL1KGT_eQSL_2020-768x496.jpg 768w, https:\/\/forum.ov-g53.de\/wp-content\/uploads\/2022\/02\/DL1KGT_eQSL_2020.jpg 1179w\" sizes=\"auto, (max-width: 640px) 100vw, 640px\" \/><img loading=\"lazy\" decoding=\"async\" class=\"alignnone size-large wp-image-149\" src=\"https:\/\/forum.ov-g53.de\/wp-content\/uploads\/2022\/02\/DL1KGT_mobil_2021_1-1024x661.jpg\" alt=\"\" width=\"640\" height=\"413\" srcset=\"https:\/\/forum.ov-g53.de\/wp-content\/uploads\/2022\/02\/DL1KGT_mobil_2021_1-1024x661.jpg 1024w, https:\/\/forum.ov-g53.de\/wp-content\/uploads\/2022\/02\/DL1KGT_mobil_2021_1-300x194.jpg 300w, https:\/\/forum.ov-g53.de\/wp-content\/uploads\/2022\/02\/DL1KGT_mobil_2021_1-768x496.jpg 768w, https:\/\/forum.ov-g53.de\/wp-content\/uploads\/2022\/02\/DL1KGT_mobil_2021_1.jpg 1179w\" sizes=\"auto, (max-width: 640px) 100vw, 640px\" \/><\/p>\r\n","protected":false},"excerpt":{"rendered":"<p>Hallo lb Funkfreunde, ich bin seit 1991 Funkamateur und seit dem auch im Ortsverband G &#8211; 53. Ich bin mit der Klasse C (DG1KGT) angefangen und habe 1992\u00a0 mit DH1KGT und schlie\u00dflich mit DL1KGT weitergemacht. In der Hauptsache bin ich auf den B\u00e4ndern in CW zu h\u00f6ren, daneben noch in den digitalen Betriebsarten, FM\u00a0 und [&hellip;]<\/p>\n","protected":false},"author":2,"featured_media":97,"parent":0,"menu_order":0,"comment_status":"closed","ping_status":"closed","template":"","meta":{"footnotes":""},"class_list":["post-128","page","type-page","status-publish","has-post-thumbnail","hentry"],"_links":{"self":[{"href":"https:\/\/forum.ov-g53.de\/index.php?rest_route=\/wp\/v2\/pages\/128","targetHints":{"allow":["GET"]}}],"collection":[{"href":"https:\/\/forum.ov-g53.de\/index.php?rest_route=\/wp\/v2\/pages"}],"about":[{"href":"https:\/\/forum.ov-g53.de\/index.php?rest_route=\/wp\/v2\/types\/page"}],"author":[{"embeddable":true,"href":"https:\/\/forum.ov-g53.de\/index.php?rest_route=\/wp\/v2\/users\/2"}],"replies":[{"embeddable":true,"href":"https:\/\/forum.ov-g53.de\/index.php?rest_route=%2Fwp%2Fv2%2Fcomments&post=128"}],"version-history":[{"count":6,"href":"https:\/\/forum.ov-g53.de\/index.php?rest_route=\/wp\/v2\/pages\/128\/revisions"}],"predecessor-version":[{"id":147,"href":"https:\/\/forum.ov-g53.de\/index.php?rest_route=\/wp\/v2\/pages\/128\/revisions\/147"}],"wp:featuredmedia":[{"embeddable":true,"href":"https:\/\/forum.ov-g53.de\/index.php?rest_route=\/wp\/v2\/media\/97"}],"wp:attachment":[{"href":"https:\/\/forum.ov-g53.de\/index.php?rest_route=%2Fwp%2Fv2%2Fmedia&parent=128"}],"curies":[{"name":"wp","href":"https:\/\/api.w.org\/{rel}","templated":true}]}}