{"id":137,"date":"2022-02-12T13:44:42","date_gmt":"2022-02-12T12:44:42","guid":{"rendered":"https:\/\/forum.ov-g53.de\/?page_id=137"},"modified":"2023-08-06T11:05:06","modified_gmt":"2023-08-06T09:05:06","slug":"impressum","status":"publish","type":"page","link":"https:\/\/forum.ov-g53.de\/?page_id=137","title":{"rendered":"Impressum"},"content":{"rendered":"<h1>Impressum<img loading=\"lazy\" decoding=\"async\" class=\"size-full wp-image-222 alignright\" src=\"https:\/\/forum.ov-g53.de\/wp-content\/uploads\/2022\/02\/erecht24-siegel-impressum-rot.png\" alt=\"\" width=\"120\" height=\"156\" \/><\/h1>\n<h2>Angaben gem\u00e4\u00df \u00a7 5 TMG<\/h2>\n<p>OV &#8211; G 53<\/p>\n<p>Gerhard Thelker<br \/>\nRotkehlchenweg 4<br \/>\n53859 Niederkassel<\/p>\n<p><strong>Vertreten durch:<\/strong><br \/>\nSebastian Wegner<br \/>\nGerhard Thelker<br \/>\nGilbert Fischer<\/p>\n<h2>Kontakt<\/h2>\n<p>Telefon: +49 2208 770803<br \/>\nE-Mail: office@ov-g53.de<\/p>\n<h2>EU-Streitschlichtung<\/h2>\n<p>Die Europ\u00e4ische Kommission stellt eine Plattform zur Online-Streitbeilegung (OS) bereit: <a href=\"https:\/\/ec.europa.eu\/consumers\/odr\/\" target=\"_blank\" rel=\"noopener noreferrer\">https:\/\/ec.europa.eu\/consumers\/odr\/<\/a>.<br \/>\nUnsere E-Mail-Adresse finden Sie oben im Impressum.<\/p>\n<h2>Verbraucher\u00adstreit\u00adbeilegung\/Universal\u00adschlichtungs\u00adstelle<\/h2>\n<p>Wir nehmen an einem Streitbeilegungsverfahren vor einer Verbraucherschlichtungsstelle teil. Zust\u00e4ndig ist die Universalschlichtungsstelle des Zentrums f\u00fcr Schlichtung e.V., Stra\u00dfburger Stra\u00dfe 8, 77694 Kehl am Rhein (<a href=\"https:\/\/www.verbraucher-schlichter.de\" target=\"_blank\" rel=\"noopener noreferrer\">https:\/\/www.verbraucher-schlichter.de<\/a>).<\/p>\n","protected":false},"excerpt":{"rendered":"<p>Impressum Angaben gem\u00e4\u00df \u00a7 5 TMG OV &#8211; G 53 Gerhard Thelker Rotkehlchenweg 4 53859 Niederkassel Vertreten durch: Sebastian Wegner Gerhard Thelker Gilbert Fischer Kontakt Telefon: +49 2208 770803 E-Mail: office@ov-g53.de EU-Streitschlichtung Die Europ\u00e4ische Kommission stellt eine Plattform zur Online-Streitbeilegung (OS) bereit: https:\/\/ec.europa.eu\/consumers\/odr\/. Unsere E-Mail-Adresse finden Sie oben im Impressum. Verbraucher\u00adstreit\u00adbeilegung\/Universal\u00adschlichtungs\u00adstelle Wir nehmen an einem [&hellip;]<\/p>\n","protected":false},"author":2,"featured_media":0,"parent":0,"menu_order":0,"comment_status":"closed","ping_status":"closed","template":"","meta":{"footnotes":""},"class_list":["post-137","page","type-page","status-publish","hentry"],"_links":{"self":[{"href":"https:\/\/forum.ov-g53.de\/index.php?rest_route=\/wp\/v2\/pages\/137","targetHints":{"allow":["GET"]}}],"collection":[{"href":"https:\/\/forum.ov-g53.de\/index.php?rest_route=\/wp\/v2\/pages"}],"about":[{"href":"https:\/\/forum.ov-g53.de\/index.php?rest_route=\/wp\/v2\/types\/page"}],"author":[{"embeddable":true,"href":"https:\/\/forum.ov-g53.de\/index.php?rest_route=\/wp\/v2\/users\/2"}],"replies":[{"embeddable":true,"href":"https:\/\/forum.ov-g53.de\/index.php?rest_route=%2Fwp%2Fv2%2Fcomments&post=137"}],"version-history":[{"count":9,"href":"https:\/\/forum.ov-g53.de\/index.php?rest_route=\/wp\/v2\/pages\/137\/revisions"}],"predecessor-version":[{"id":279,"href":"https:\/\/forum.ov-g53.de\/index.php?rest_route=\/wp\/v2\/pages\/137\/revisions\/279"}],"wp:attachment":[{"href":"https:\/\/forum.ov-g53.de\/index.php?rest_route=%2Fwp%2Fv2%2Fmedia&parent=137"}],"curies":[{"name":"wp","href":"https:\/\/api.w.org\/{rel}","templated":true}]}}