{"id":80,"date":"2022-02-11T11:36:35","date_gmt":"2022-02-11T10:36:35","guid":{"rendered":"https:\/\/forum.ov-g53.de\/?page_id=80"},"modified":"2022-02-13T20:29:25","modified_gmt":"2022-02-13T19:29:25","slug":"herzlich-willkommen","status":"publish","type":"page","link":"https:\/\/forum.ov-g53.de\/","title":{"rendered":"Herzlich Willkommen"},"content":{"rendered":"\r\n<p>Vielen Dank f\u00fcr dein Interesse am Golf-53 und dem Hobby Amateurfunk.<\/p>\r\n<p>Auf unseren Seiten m\u00f6chten wir interessierten G\u00e4sten einen kleinen \u00dcberblick zum Thema Amateurfunk verschaffen. Auch erf\u00e4hrst du, wie du Funkamateur werden kannst und was du dazu ben\u00f6tigst.<\/p>\r\n<p>Wir bieten dir aber nicht nur unsere Webseite an um deinen Wissendurst zu stillen. F\u00fchle dich herzlich eingeladen auch unsere OV Abende zu besuchen. Es w\u00e4re vorteilhaft, wenn du daf\u00fcr kurz Kontakt mit uns aufnehmen w\u00fcrdest. Vor Ort beantworten wir gerne deine Fragen in lockerer Atmosph\u00e4re.<\/p>\r\n<p>Vielleicht befindest du dich auch schon in den Pr\u00fcfungsvorbereitungen und brauchen Hilfe bei bestimmten Themen? Auch da sind wir gerne Ansprechpartner.<\/p>\r\n<p>Wir freuen uns auf dich.<\/p>\r\n\r\n\r\n\r\n<p>73 es 55 de OV &#8211; G 53<\/p>\r\n<p>&nbsp;<\/p>\r\n\r\n\r\n\r\n<figure class=\"wp-block-embed is-type-video is-provider-youtube wp-block-embed-youtube wp-embed-aspect-16-9 wp-has-aspect-ratio\">\r\n<div class=\"wp-block-embed__wrapper\"><iframe loading=\"lazy\" src=\"\/\/www.youtube.com\/embed\/IU2prOOvOQs\" width=\"1000\" height=\"561\" allowfullscreen=\"allowfullscreen\"><\/iframe><\/div>\r\n<\/figure>\r\n\r\n\r\n\r\n<p>&nbsp;<\/p>\r\n\r\n\r\n\r\n<p>&nbsp;<\/p>\r\n","protected":false},"excerpt":{"rendered":"<p>Vielen Dank f\u00fcr dein Interesse am Golf-53 und dem Hobby Amateurfunk. Auf unseren Seiten m\u00f6chten wir interessierten G\u00e4sten einen kleinen \u00dcberblick zum Thema Amateurfunk verschaffen. Auch erf\u00e4hrst du, wie du Funkamateur werden kannst und was du dazu ben\u00f6tigst. Wir bieten dir aber nicht nur unsere Webseite an um deinen Wissendurst zu stillen. F\u00fchle dich herzlich [&hellip;]<\/p>\n","protected":false},"author":2,"featured_media":0,"parent":0,"menu_order":0,"comment_status":"closed","ping_status":"closed","template":"","meta":{"footnotes":""},"class_list":["post-80","page","type-page","status-publish","hentry"],"_links":{"self":[{"href":"https:\/\/forum.ov-g53.de\/index.php?rest_route=\/wp\/v2\/pages\/80","targetHints":{"allow":["GET"]}}],"collection":[{"href":"https:\/\/forum.ov-g53.de\/index.php?rest_route=\/wp\/v2\/pages"}],"about":[{"href":"https:\/\/forum.ov-g53.de\/index.php?rest_route=\/wp\/v2\/types\/page"}],"author":[{"embeddable":true,"href":"https:\/\/forum.ov-g53.de\/index.php?rest_route=\/wp\/v2\/users\/2"}],"replies":[{"embeddable":true,"href":"https:\/\/forum.ov-g53.de\/index.php?rest_route=%2Fwp%2Fv2%2Fcomments&post=80"}],"version-history":[{"count":18,"href":"https:\/\/forum.ov-g53.de\/index.php?rest_route=\/wp\/v2\/pages\/80\/revisions"}],"predecessor-version":[{"id":189,"href":"https:\/\/forum.ov-g53.de\/index.php?rest_route=\/wp\/v2\/pages\/80\/revisions\/189"}],"wp:attachment":[{"href":"https:\/\/forum.ov-g53.de\/index.php?rest_route=%2Fwp%2Fv2%2Fmedia&parent=80"}],"curies":[{"name":"wp","href":"https:\/\/api.w.org\/{rel}","templated":true}]}}